{"id":694,"date":"2025-02-20T21:15:40","date_gmt":"2025-02-20T21:15:40","guid":{"rendered":"https:\/\/www.integrapija.si\/hudilog\/?page_id=694"},"modified":"2025-04-05T20:00:35","modified_gmt":"2025-04-05T20:00:35","slug":"dogodki","status":"publish","type":"page","link":"https:\/\/soncnilog.si\/en\/dogodki\/","title":{"rendered":"Events"},"content":{"rendered":"<figure class=\"wp-block-embed is-type-video is-provider-youtube wp-block-embed-youtube wp-embed-aspect-16-9 wp-has-aspect-ratio\"><div class=\"wp-block-embed__wrapper\">\n<iframe loading=\"lazy\" title=\"Stromae &quot;Ave Cesaria&quot; | Choreography by EZtwins\" width=\"672\" height=\"378\" src=\"https:\/\/www.youtube.com\/embed\/Ps8ruG7aYLg?feature=oembed\" frameborder=\"0\" allow=\"accelerometer; autoplay; clipboard-write; encrypted-media; gyroscope; picture-in-picture; web-share\" referrerpolicy=\"strict-origin-when-cross-origin\" allowfullscreen><\/iframe>\n<\/div><\/figure>\n\n\n\n<p><strong><em>Past events<\/em><\/strong><\/p>\n\n\n\n<p>On the ground floor of the house there is a large gallery where we organize exhibitions of photographs, illustrations, paintings, ceramics, fair trade products, etc.<\/p>\n\n\n\n\n\n<p>It hosts musical events, debate evenings, and poetry readings.<\/p>\n\n\n\n\n\n<p>The space is also suitable for creative workshops.<\/p>\n\n\n\n\n\n<p>On the meadow there is a fairy-tale cottage and a space for outdoor workshops, such as stonemasonry workshops or workshops for children.<\/p>\n\n\n\n\n\n<p>African dance workshop<\/p>\n\n\n\n\n\n<p><\/p>\n\n\n\n<p><strong><em>Future events<\/em><\/strong><\/p>\n\n\n\n<p><\/p>","protected":false},"excerpt":{"rendered":"<p>Pretekli: V pritli\u010dju hi\u0161e je velika galerija, kjer prirejamo razstave fotografij, ilustracij, slik, kerami\u010dnih izdelkov, izdelkov pravi\u010dne trgovine, ipd. V njej se zgodijo glasbeni dogodki, debatni ve\u010deri in branja poezije. Prostor je primeren tudi za ustvarjalne delavnice. Na spodnjem travniku je pravlji\u010dna ko\u010dica in prostor za delavnice na prostem, denimo kamnose\u0161ke delavnice ali delavnice za [&hellip;]<\/p>","protected":false},"author":1,"featured_media":900,"parent":0,"menu_order":0,"comment_status":"closed","ping_status":"closed","template":"","meta":{"pagelayer_contact_templates":[],"_pagelayer_content":"","footnotes":""},"class_list":["post-694","page","type-page","status-publish","has-post-thumbnail","hentry"],"_links":{"self":[{"href":"https:\/\/soncnilog.si\/en\/wp-json\/wp\/v2\/pages\/694","targetHints":{"allow":["GET"]}}],"collection":[{"href":"https:\/\/soncnilog.si\/en\/wp-json\/wp\/v2\/pages"}],"about":[{"href":"https:\/\/soncnilog.si\/en\/wp-json\/wp\/v2\/types\/page"}],"author":[{"embeddable":true,"href":"https:\/\/soncnilog.si\/en\/wp-json\/wp\/v2\/users\/1"}],"replies":[{"embeddable":true,"href":"https:\/\/soncnilog.si\/en\/wp-json\/wp\/v2\/comments?post=694"}],"version-history":[{"count":23,"href":"https:\/\/soncnilog.si\/en\/wp-json\/wp\/v2\/pages\/694\/revisions"}],"predecessor-version":[{"id":1556,"href":"https:\/\/soncnilog.si\/en\/wp-json\/wp\/v2\/pages\/694\/revisions\/1556"}],"wp:featuredmedia":[{"embeddable":true,"href":"https:\/\/soncnilog.si\/en\/wp-json\/wp\/v2\/media\/900"}],"wp:attachment":[{"href":"https:\/\/soncnilog.si\/en\/wp-json\/wp\/v2\/media?parent=694"}],"curies":[{"name":"wp","href":"https:\/\/api.w.org\/{rel}","templated":true}]}}